{"id":445,"date":"2024-04-15T08:18:18","date_gmt":"2024-04-15T06:18:18","guid":{"rendered":"https:\/\/gelle-fra.blocknote.dev\/privacy-policy\/"},"modified":"2024-04-18T10:43:37","modified_gmt":"2024-04-18T08:43:37","slug":"protection-des-donnees","status":"publish","type":"page","link":"https:\/\/www.gelle-fra.lu\/fr\/protection-des-donnees\/","title":{"rendered":"Protection des donn\u00e9es"},"content":{"rendered":"<div class=\"fusion-fullwidth fullwidth-box fusion-builder-row-1 fusion-flex-container nonhundred-percent-fullwidth non-hundred-percent-height-scrolling\" style=\"--awb-border-radius-top-left:0px;--awb-border-radius-top-right:0px;--awb-border-radius-bottom-right:0px;--awb-border-radius-bottom-left:0px;--awb-flex-wrap:wrap;\" ><div class=\"fusion-builder-row fusion-row fusion-flex-align-items-flex-start fusion-flex-content-wrap\" style=\"max-width:1248px;margin-left: calc(-4% \/ 2 );margin-right: calc(-4% \/ 2 );\"><div class=\"fusion-layout-column fusion_builder_column fusion-builder-column-0 fusion_builder_column_1_1 1_1 fusion-flex-column\" style=\"--awb-bg-size:cover;--awb-width-large:100%;--awb-margin-top-large:0px;--awb-spacing-right-large:1.92%;--awb-margin-bottom-large:0px;--awb-spacing-left-large:1.92%;--awb-width-medium:100%;--awb-spacing-right-medium:1.92%;--awb-spacing-left-medium:1.92%;--awb-width-small:100%;--awb-spacing-right-small:1.92%;--awb-spacing-left-small:1.92%;\"><div class=\"fusion-column-wrapper fusion-flex-justify-content-flex-start fusion-content-layout-column\"><div class=\"fusion-title title fusion-title-1 fusion-sep-none fusion-title-text fusion-title-size-one\"><h1 class=\"fusion-title-heading title-heading-left fusion-responsive-typography-calculated\" style=\"text-transform:uppercase;--fontSize:64;line-height:var(--awb-typography1-line-height);\">Protection des donn\u00e9es<\/h1><\/div><div class=\"fusion-text fusion-text-1\"><p><strong>Cette politique de confidentialit\u00e9 d\u00e9crit comment vos informations personnelles sont collect\u00e9es,<br \/>\nutilis\u00e9es et partag\u00e9es lorsque vous visitez \u00ab\u00a0www.gelle-fra.lu\u00a0\u00bb (le \u00ab\u00a0Site\u00a0\u00bb).<\/strong><\/p>\n<h3>LES INFORMATIONS PERSONNELLES QUE NOUS RECUEILLONS<\/h3>\n<p>Lorsque vous visitez le site, nous recueillons automatiquement certaines informations sur votre appareil, notamment des informations sur votre navigateur web, votre adresse IP, votre fuseau horaire et certains des cookies install\u00e9s sur votre appareil. En outre, lorsque vous naviguez sur le site, nous recueillons des informations sur les diff\u00e9rentes pages web, les sites web ou les termes de recherche qui vous ont dirig\u00e9 vers le site, ainsi que des informations sur la mani\u00e8re dont vous interagissez avec le site. Nous appelons ces informations recueillies automatiquement \u00ab\u00a0informations sur les appareils\u00a0\u00bb.<\/p>\n<p>Nous recueillons des informations sur les appareils \u00e0 l&rsquo;aide des technologies suivantes :<\/p>\n<ul>\n<li>Les \u00ab\u00a0cookies\u00a0\u00bb sont des fichiers de donn\u00e9es qui sont plac\u00e9s sur votre appareil ou votre ordinateur et comprennent souvent un identifiant unique anonyme. Pour plus d&rsquo;informations sur les cookies et sur la mani\u00e8re de les d\u00e9sactiver, visitez le site <a href=\"https:\/\/www.allaboutcookies.org\/\">https:\/\/www.allaboutcookies.org<\/a>.<\/li>\n<li>Les \u00ab\u00a0fichiers journaux\u00a0\u00bb suivent les actions qui se produisent sur le site et recueillent des donn\u00e9es telles que votre adresse IP, votre type de navigateur, votre fournisseur d&rsquo;acc\u00e8s \u00e0 Internet, les pages de renvoi\/sortie et la date\/heure.<\/li>\n<li>Les \u00ab\u00a0balises web\u00a0\u00bb, \u00ab\u00a0tags\u00a0\u00bb et \u00ab\u00a0pixels\u00a0\u00bb sont des fichiers \u00e9lectroniques utilis\u00e9s pour enregistrer des informations sur la fa\u00e7on dont vous naviguez sur le site.<\/li>\n<\/ul>\n<p>Lorsque nous parlons d&rsquo; \u00ab\u00a0informations personnelles\u00a0\u00bb dans la pr\u00e9sente politique de confidentialit\u00e9, nous parlons \u00e0 la fois d&rsquo;informations sur les appareils.<\/p>\n<h3>COMMENT UTILISONS-NOUS VOS INFORMATIONS PERSONNELLES ?<\/h3>\n<p>Nous utilisons les informations sur les dispositifs que nous recueillons pour nous aider \u00e0 d\u00e9tecter les risques potentiels et la fraude (en particulier, votre adresse IP) et, plus g\u00e9n\u00e9ralement, pour am\u00e9liorer et optimiser notre site (par exemple, en g\u00e9n\u00e9rant des analyses sur la fa\u00e7on dont nos clients naviguent et interagissent avec le site, et pour \u00e9valuer le succ\u00e8s de nos campagnes de marketing et de publicit\u00e9).<\/p>\n<h3>PARTAGE DE VOS INFORMATIONS PERSONNELLES<\/h3>\n<p>Nous partageons vos informations personnelles avec des tiers afin de nous aider \u00e0 utiliser vos informations personnelles, comme d\u00e9crit ci-dessus.\u00a0 Nous utilisons \u00e9galement Google Analytics pour nous aider \u00e0 comprendre comment nos clients utilisent le site. Vous pouvez en savoir plus sur la mani\u00e8re dont Google utilise vos informations personnelles ici : <a href=\"https:\/\/www.google.com\/intl\/en\/policies\/privacy\/\">https:\/\/www.google.com\/intl\/en\/policies\/privacy\/<\/a>. Vous pouvez \u00e9galement vous d\u00e9sinscrire de Google Analytics en cliquant sur le lien suivant : <a href=\"https:\/\/tools.google.com\/dlpage\/gaoptout\">https:\/\/tools.google.com\/dlpage\/gaoptout<\/a>.<\/p>\n<p>Enfin, nous pouvons \u00e9galement partager vos informations personnelles pour nous conformer aux lois et r\u00e8glements applicables, pour r\u00e9pondre \u00e0 une citation \u00e0 compara\u00eetre, \u00e0 un mandat de perquisition ou \u00e0 toute autre demande l\u00e9gale d&rsquo;informations que nous recevons, ou pour prot\u00e9ger nos droits de toute autre mani\u00e8re.<\/p>\n<h3>PUBLICIT\u00c9 COMPORTEMENTALE<\/h3>\n<p>Comme d\u00e9crit ci-dessus, nous utilisons vos informations personnelles pour vous fournir des publicit\u00e9s cibl\u00e9es ou des communications commerciales que nous pensons susceptibles de vous int\u00e9resser.\u00a0 Pour plus d&rsquo;informations sur le fonctionnement de la publicit\u00e9 cibl\u00e9e, vous pouvez consulter la page \u00e9ducative de la Network Advertising Initiative (\u00ab\u00a0NAI\u00a0\u00bb) \u00e0 l&rsquo;adresse <a href=\"https:\/\/www.networkadvertising.org\/understanding-online-advertising\/how-does-it-work\">https:\/\/www.networkadvertising.org\/understanding-online-advertising\/how-does-it-work<\/a>.<\/p>\n<p>Vous pouvez vous d\u00e9sinscrire de la publicit\u00e9 cibl\u00e9e en :<\/p>\n<ul>\n<li>FACEBOOK &#8211; <a href=\"https:\/\/www.facebook.com\/settings\/?tab=ads\">https:\/\/www.facebook.com\/settings\/?tab=ads<\/a><\/li>\n<li>GOOGLE &#8211; <a href=\"https:\/\/www.google.com\/settings\/ads\/anonymous\">https:\/\/www.google.com\/settings\/ads\/anonymous<\/a><\/li>\n<li>BING &#8211; <a href=\"https:\/\/advertise.bingads.microsoft.com\/en-us\/resources\/policies\/personalized-ads\">https:\/\/advertise.bingads.microsoft.com\/en-us\/resources\/policies\/personalized-ads<\/a><\/li>\n<\/ul>\n<p>En outre, vous pouvez vous d\u00e9sengager de certains de ces services en visitant le portail de d\u00e9sengagement de la Digital Advertising Alliance \u00e0 l&rsquo;adresse suivante : <a href=\"http:\/\/optout.aboutads.info\/\">http:\/\/optout.aboutads.info\/<\/a>.<\/p>\n<h3>NE PAS SUIVRE<\/h3>\n<p>Veuillez noter que nous ne modifions pas les pratiques de collecte et d&rsquo;utilisation des donn\u00e9es de notre site lorsque nous voyons un signal \u00ab\u00a0Ne pas suivre\u00a0\u00bb provenant de votre navigateur.<\/p>\n<h3>VOS DROITS<\/h3>\n<p>Si vous \u00eates r\u00e9sident europ\u00e9en, vous avez le droit d&rsquo;acc\u00e9der aux informations personnelles que nous d\u00e9tenons \u00e0 votre sujet et de demander que ces informations soient corrig\u00e9es, mises \u00e0 jour ou supprim\u00e9es. Si vous souhaitez exercer ce droit, veuillez nous contacter aux coordonn\u00e9es ci-dessous.<\/p>\n<p>En outre, si vous \u00eates r\u00e9sident europ\u00e9en, nous vous informons que nous traitons vos informations afin d&rsquo;ex\u00e9cuter les contrats que nous pourrions avoir avec vous, ou pour poursuivre nos int\u00e9r\u00eats commerciaux l\u00e9gitimes \u00e9num\u00e9r\u00e9s ci-dessus. En outre, veuillez noter que vos informations seront transf\u00e9r\u00e9es en dehors de l&rsquo;Europe, notamment au Canada et aux \u00c9tats-Unis.<\/p>\n<h3>MINEURS<\/h3>\n<p>Le site n&rsquo;est pas destin\u00e9 aux personnes \u00e2g\u00e9es de moins de 18 ans.<\/p>\n<h3>MODIFICATIONS<\/h3>\n<p>Nous pouvons mettre \u00e0 jour cette politique de confidentialit\u00e9 de temps \u00e0 autre afin de refl\u00e9ter, par exemple, des changements dans nos pratiques ou pour d&rsquo;autres raisons op\u00e9rationnelles, l\u00e9gales ou r\u00e9glementaires.<\/p>\n<h3>CONTACTEZ-NOUS<\/h3>\n<p>Pour plus d&rsquo;informations sur nos pratiques en mati\u00e8re de protection de la vie priv\u00e9e, si vous avez des questions ou si vous souhaitez d\u00e9poser une plainte, veuillez nous contacter par courrier \u00e9lectronique \u00e0 l&rsquo;adresse info@immoflex.lu ou par courrier en utilisant les coordonn\u00e9es fournies ci-dessous :<\/p>\n<p><strong>IMMOFLEX<\/strong><\/p>\n<p>53, route de Tr\u00e8ves<br \/>\nL-6793 Grevenmacher<\/p>\n<\/div><div class=\"fusion-separator fusion-full-width-sep\" style=\"align-self: center;margin-left: auto;margin-right: auto;margin-top:25px;margin-bottom:25px;width:100%;\"><\/div><div class=\"fusion-separator fusion-full-width-sep\" style=\"align-self: center;margin-left: auto;margin-right: auto;margin-top:25px;margin-bottom:25px;width:100%;\"><\/div><\/div><\/div><\/div><\/div>\n","protected":false},"excerpt":{"rendered":"","protected":false},"author":1,"featured_media":0,"parent":0,"menu_order":0,"comment_status":"closed","ping_status":"open","template":"","meta":{"_acf_changed":false,"footnotes":""},"acf":[],"yoast_head":"<!-- This site is optimized with the Yoast SEO plugin v22.5 - https:\/\/yoast.com\/wordpress\/plugins\/seo\/ -->\n<title>Protection des donn\u00e9es - G\u00eblle Fra<\/title>\n<meta name=\"description\" content=\"R\u00e9sidence \u00e0 10 appartements de +\/- 50 m2 \u00e0 +\/-112 m2Un emplacement int\u00e9rieur ainsi qu\u2019une cave privative sont attribu\u00e9s \u00e0 chaque appartement et sont inclus dans le prix.\" \/>\n<meta name=\"robots\" content=\"index, follow, max-snippet:-1, max-image-preview:large, max-video-preview:-1\" \/>\n<link rel=\"canonical\" href=\"https:\/\/www.gelle-fra.lu\/en\/privacy-policy\/\" \/>\n<meta property=\"og:locale\" content=\"fr_FR\" \/>\n<meta property=\"og:type\" content=\"article\" \/>\n<meta property=\"og:title\" content=\"Protection des donn\u00e9es - G\u00eblle Fra\" \/>\n<meta property=\"og:description\" content=\"R\u00e9sidence \u00e0 10 appartements de +\/- 50 m2 \u00e0 +\/-112 m2Un emplacement int\u00e9rieur ainsi qu\u2019une cave privative sont attribu\u00e9s \u00e0 chaque appartement et sont inclus dans le prix.\" \/>\n<meta property=\"og:url\" content=\"https:\/\/www.gelle-fra.lu\/en\/privacy-policy\/\" \/>\n<meta property=\"og:site_name\" content=\"G\u00eblle Fra\" \/>\n<meta property=\"article:modified_time\" content=\"2024-04-18T08:43:37+00:00\" \/>\n<meta property=\"og:image\" content=\"https:\/\/www.gelle-fra.lu\/wp-content\/uploads\/2024\/04\/seo.jpg\" \/>\n\t<meta property=\"og:image:width\" content=\"1512\" \/>\n\t<meta property=\"og:image:height\" content=\"1134\" \/>\n\t<meta property=\"og:image:type\" content=\"image\/jpeg\" \/>\n<meta name=\"twitter:card\" content=\"summary_large_image\" \/>\n<meta name=\"twitter:label1\" content=\"Dur\u00e9e de lecture estim\u00e9e\" \/>\n\t<meta name=\"twitter:data1\" content=\"7 minutes\" \/>\n<script type=\"application\/ld+json\" class=\"yoast-schema-graph\">{\"@context\":\"https:\/\/schema.org\",\"@graph\":[{\"@type\":\"WebPage\",\"@id\":\"https:\/\/www.gelle-fra.lu\/en\/privacy-policy\/\",\"url\":\"https:\/\/www.gelle-fra.lu\/en\/privacy-policy\/\",\"name\":\"Protection des donn\u00e9es - G\u00eblle Fra\",\"isPartOf\":{\"@id\":\"https:\/\/www.gelle-fra.lu\/en\/#website\"},\"datePublished\":\"2024-04-15T06:18:18+00:00\",\"dateModified\":\"2024-04-18T08:43:37+00:00\",\"description\":\"R\u00e9sidence \u00e0 10 appartements de +\/- 50 m2 \u00e0 +\/-112 m2Un emplacement int\u00e9rieur ainsi qu\u2019une cave privative sont attribu\u00e9s \u00e0 chaque appartement et sont inclus dans le prix.\",\"breadcrumb\":{\"@id\":\"https:\/\/www.gelle-fra.lu\/en\/privacy-policy\/#breadcrumb\"},\"inLanguage\":\"fr-FR\",\"potentialAction\":[{\"@type\":\"ReadAction\",\"target\":[\"https:\/\/www.gelle-fra.lu\/en\/privacy-policy\/\"]}]},{\"@type\":\"BreadcrumbList\",\"@id\":\"https:\/\/www.gelle-fra.lu\/en\/privacy-policy\/#breadcrumb\",\"itemListElement\":[{\"@type\":\"ListItem\",\"position\":1,\"name\":\"Home\",\"item\":\"https:\/\/www.gelle-fra.lu\/fr\/\"},{\"@type\":\"ListItem\",\"position\":2,\"name\":\"Protection des donn\u00e9es\"}]},{\"@type\":\"WebSite\",\"@id\":\"https:\/\/www.gelle-fra.lu\/en\/#website\",\"url\":\"https:\/\/www.gelle-fra.lu\/en\/\",\"name\":\"G\u00eblle Fra\",\"description\":\"Luxembourg-Ville\",\"publisher\":{\"@id\":\"https:\/\/www.gelle-fra.lu\/en\/#organization\"},\"potentialAction\":[{\"@type\":\"SearchAction\",\"target\":{\"@type\":\"EntryPoint\",\"urlTemplate\":\"https:\/\/www.gelle-fra.lu\/en\/?s={search_term_string}\"},\"query-input\":\"required name=search_term_string\"}],\"inLanguage\":\"fr-FR\"},{\"@type\":\"Organization\",\"@id\":\"https:\/\/www.gelle-fra.lu\/en\/#organization\",\"name\":\"R\u00e9sidence G\u00eblle Fra\",\"url\":\"https:\/\/www.gelle-fra.lu\/en\/\",\"logo\":{\"@type\":\"ImageObject\",\"inLanguage\":\"fr-FR\",\"@id\":\"https:\/\/www.gelle-fra.lu\/en\/#\/schema\/logo\/image\/\",\"url\":\"https:\/\/www.gelle-fra.lu\/wp-content\/uploads\/2024\/04\/cropped-icon.png\",\"contentUrl\":\"https:\/\/www.gelle-fra.lu\/wp-content\/uploads\/2024\/04\/cropped-icon.png\",\"width\":512,\"height\":512,\"caption\":\"R\u00e9sidence G\u00eblle Fra\"},\"image\":{\"@id\":\"https:\/\/www.gelle-fra.lu\/en\/#\/schema\/logo\/image\/\"}}]}<\/script>\n<!-- \/ Yoast SEO plugin. -->","yoast_head_json":{"title":"Protection des donn\u00e9es - G\u00eblle Fra","description":"R\u00e9sidence \u00e0 10 appartements de +\/- 50 m2 \u00e0 +\/-112 m2Un emplacement int\u00e9rieur ainsi qu\u2019une cave privative sont attribu\u00e9s \u00e0 chaque appartement et sont inclus dans le prix.","robots":{"index":"index","follow":"follow","max-snippet":"max-snippet:-1","max-image-preview":"max-image-preview:large","max-video-preview":"max-video-preview:-1"},"canonical":"https:\/\/www.gelle-fra.lu\/en\/privacy-policy\/","og_locale":"fr_FR","og_type":"article","og_title":"Protection des donn\u00e9es - G\u00eblle Fra","og_description":"R\u00e9sidence \u00e0 10 appartements de +\/- 50 m2 \u00e0 +\/-112 m2Un emplacement int\u00e9rieur ainsi qu\u2019une cave privative sont attribu\u00e9s \u00e0 chaque appartement et sont inclus dans le prix.","og_url":"https:\/\/www.gelle-fra.lu\/en\/privacy-policy\/","og_site_name":"G\u00eblle Fra","article_modified_time":"2024-04-18T08:43:37+00:00","og_image":[{"width":1512,"height":1134,"url":"https:\/\/www.gelle-fra.lu\/wp-content\/uploads\/2024\/04\/seo.jpg","type":"image\/jpeg"}],"twitter_card":"summary_large_image","twitter_misc":{"Dur\u00e9e de lecture estim\u00e9e":"7 minutes"},"schema":{"@context":"https:\/\/schema.org","@graph":[{"@type":"WebPage","@id":"https:\/\/www.gelle-fra.lu\/en\/privacy-policy\/","url":"https:\/\/www.gelle-fra.lu\/en\/privacy-policy\/","name":"Protection des donn\u00e9es - G\u00eblle Fra","isPartOf":{"@id":"https:\/\/www.gelle-fra.lu\/en\/#website"},"datePublished":"2024-04-15T06:18:18+00:00","dateModified":"2024-04-18T08:43:37+00:00","description":"R\u00e9sidence \u00e0 10 appartements de +\/- 50 m2 \u00e0 +\/-112 m2Un emplacement int\u00e9rieur ainsi qu\u2019une cave privative sont attribu\u00e9s \u00e0 chaque appartement et sont inclus dans le prix.","breadcrumb":{"@id":"https:\/\/www.gelle-fra.lu\/en\/privacy-policy\/#breadcrumb"},"inLanguage":"fr-FR","potentialAction":[{"@type":"ReadAction","target":["https:\/\/www.gelle-fra.lu\/en\/privacy-policy\/"]}]},{"@type":"BreadcrumbList","@id":"https:\/\/www.gelle-fra.lu\/en\/privacy-policy\/#breadcrumb","itemListElement":[{"@type":"ListItem","position":1,"name":"Home","item":"https:\/\/www.gelle-fra.lu\/fr\/"},{"@type":"ListItem","position":2,"name":"Protection des donn\u00e9es"}]},{"@type":"WebSite","@id":"https:\/\/www.gelle-fra.lu\/en\/#website","url":"https:\/\/www.gelle-fra.lu\/en\/","name":"G\u00eblle Fra","description":"Luxembourg-Ville","publisher":{"@id":"https:\/\/www.gelle-fra.lu\/en\/#organization"},"potentialAction":[{"@type":"SearchAction","target":{"@type":"EntryPoint","urlTemplate":"https:\/\/www.gelle-fra.lu\/en\/?s={search_term_string}"},"query-input":"required name=search_term_string"}],"inLanguage":"fr-FR"},{"@type":"Organization","@id":"https:\/\/www.gelle-fra.lu\/en\/#organization","name":"R\u00e9sidence G\u00eblle Fra","url":"https:\/\/www.gelle-fra.lu\/en\/","logo":{"@type":"ImageObject","inLanguage":"fr-FR","@id":"https:\/\/www.gelle-fra.lu\/en\/#\/schema\/logo\/image\/","url":"https:\/\/www.gelle-fra.lu\/wp-content\/uploads\/2024\/04\/cropped-icon.png","contentUrl":"https:\/\/www.gelle-fra.lu\/wp-content\/uploads\/2024\/04\/cropped-icon.png","width":512,"height":512,"caption":"R\u00e9sidence G\u00eblle Fra"},"image":{"@id":"https:\/\/www.gelle-fra.lu\/en\/#\/schema\/logo\/image\/"}}]}},"jetpack_sharing_enabled":true,"_links":{"self":[{"href":"https:\/\/www.gelle-fra.lu\/fr\/wp-json\/wp\/v2\/pages\/445"}],"collection":[{"href":"https:\/\/www.gelle-fra.lu\/fr\/wp-json\/wp\/v2\/pages"}],"about":[{"href":"https:\/\/www.gelle-fra.lu\/fr\/wp-json\/wp\/v2\/types\/page"}],"author":[{"embeddable":true,"href":"https:\/\/www.gelle-fra.lu\/fr\/wp-json\/wp\/v2\/users\/1"}],"replies":[{"embeddable":true,"href":"https:\/\/www.gelle-fra.lu\/fr\/wp-json\/wp\/v2\/comments?post=445"}],"version-history":[{"count":7,"href":"https:\/\/www.gelle-fra.lu\/fr\/wp-json\/wp\/v2\/pages\/445\/revisions"}],"predecessor-version":[{"id":455,"href":"https:\/\/www.gelle-fra.lu\/fr\/wp-json\/wp\/v2\/pages\/445\/revisions\/455"}],"wp:attachment":[{"href":"https:\/\/www.gelle-fra.lu\/fr\/wp-json\/wp\/v2\/media?parent=445"}],"curies":[{"name":"wp","href":"https:\/\/api.w.org\/{rel}","templated":true}]}}