{"id":432,"date":"2024-04-15T10:56:46","date_gmt":"2024-04-15T08:56:46","guid":{"rendered":"https:\/\/gelle-fra.blocknote.dev\/objects\/"},"modified":"2024-04-22T13:08:33","modified_gmt":"2024-04-22T11:08:33","slug":"biens","status":"publish","type":"page","link":"https:\/\/www.gelle-fra.lu\/fr\/biens\/","title":{"rendered":"Biens"},"content":{"rendered":"<p><div class=\"fusion-fullwidth fullwidth-box fusion-builder-row-1 fusion-flex-container has-pattern-background has-mask-background nonhundred-percent-fullwidth non-hundred-percent-height-scrolling\" style=\"--awb-border-radius-top-left:0px;--awb-border-radius-top-right:0px;--awb-border-radius-bottom-right:0px;--awb-border-radius-bottom-left:0px;--awb-flex-wrap:wrap;\" ><div class=\"fusion-builder-row fusion-row fusion-flex-align-items-stretch fusion-flex-justify-content-flex-end fusion-flex-content-wrap\" style=\"max-width:1248px;margin-left: calc(-4% \/ 2 );margin-right: calc(-4% \/ 2 );\"><div class=\"fusion-layout-column fusion_builder_column fusion-builder-column-0 fusion_builder_column_2_5 2_5 fusion-flex-column\" style=\"--awb-bg-size:cover;--awb-width-large:40%;--awb-margin-top-large:0px;--awb-spacing-right-large:4.8%;--awb-margin-bottom-large:20px;--awb-spacing-left-large:4.8%;--awb-width-medium:40%;--awb-order-medium:0;--awb-spacing-right-medium:4.8%;--awb-spacing-left-medium:4.8%;--awb-width-small:100%;--awb-order-small:0;--awb-spacing-right-small:1.92%;--awb-spacing-left-small:1.92%;\"><div class=\"fusion-column-wrapper fusion-column-has-shadow fusion-flex-justify-content-flex-start fusion-content-layout-column\"><\/div><\/div><div class=\"fusion-layout-column fusion_builder_column fusion-builder-column-1 fusion_builder_column_3_5 3_5 fusion-flex-column\" style=\"--awb-bg-position:center center;--awb-bg-size:cover;--awb-width-large:60%;--awb-margin-top-large:0px;--awb-spacing-right-large:3.2%;--awb-margin-bottom-large:20px;--awb-spacing-left-large:3.2%;--awb-width-medium:60%;--awb-order-medium:0;--awb-spacing-right-medium:3.2%;--awb-spacing-left-medium:3.2%;--awb-width-small:100%;--awb-order-small:0;--awb-spacing-right-small:1.92%;--awb-spacing-left-small:1.92%;\" data-scroll-devices=\"small-visibility,medium-visibility,large-visibility\"><div class=\"fusion-column-wrapper fusion-column-has-shadow fusion-flex-justify-content-flex-start fusion-content-layout-column\"><div class=\"fusion-builder-row fusion-builder-row-inner fusion-row fusion-flex-align-items-stretch fusion-flex-justify-content-flex-end fusion-flex-content-wrap\" style=\"width:104% !important;max-width:104% !important;margin-left: calc(-4% \/ 2 );margin-right: calc(-4% \/ 2 );\"><div class=\"fusion-layout-column fusion_builder_column_inner fusion-builder-nested-column-0 fusion-flex-column pull-right ignore-pull-on-desktop\" style=\"--awb-bg-image:url(&#039;https:\/\/www.gelle-fra.lu\/wp-content\/uploads\/2024\/04\/WEB_IMMOFLEX_42_ROUTE_D_ESCH_2_4.jpg&#039;);--awb-bg-position:center center;--awb-bg-size:cover;--awb-width-large:90%;--awb-margin-top-large:0px;--awb-spacing-right-large:2.1333333333333%;--awb-margin-bottom-large:20px;--awb-spacing-left-large:2.1333333333333%;--awb-width-medium:90%;--awb-order-medium:0;--awb-spacing-right-medium:2.1333333333333%;--awb-spacing-left-medium:2.1333333333333%;--awb-width-small:100%;--awb-order-small:0;--awb-spacing-right-small:1.92%;--awb-spacing-left-small:1.92%;\" data-scroll-devices=\"small-visibility,medium-visibility,large-visibility\"><div class=\"fusion-column-wrapper fusion-column-has-shadow fusion-flex-justify-content-flex-start fusion-content-layout-column fusion-column-has-bg-image\" data-bg-url=\"https:\/\/www.gelle-fra.lu\/wp-content\/uploads\/2024\/04\/WEB_IMMOFLEX_42_ROUTE_D_ESCH_2_4.jpg\"><div class=\"fusion-separator fusion-full-width-sep\" style=\"align-self: center;margin-left: auto;margin-right: auto;margin-top:50px;margin-bottom:50px;width:100%;\"><\/div><div class=\"fusion-separator fusion-full-width-sep\" style=\"align-self: center;margin-left: auto;margin-right: auto;margin-top:50px;margin-bottom:50px;width:100%;\"><\/div><div class=\"fusion-separator fusion-full-width-sep\" style=\"align-self: center;margin-left: auto;margin-right: auto;margin-top:50px;margin-bottom:50px;width:100%;\"><\/div><div class=\"fusion-separator fusion-full-width-sep\" style=\"align-self: center;margin-left: auto;margin-right: auto;margin-top:50px;margin-bottom:50px;width:100%;\"><\/div><div class=\"fusion-separator fusion-no-small-visibility fusion-no-medium-visibility fusion-full-width-sep\" style=\"align-self: center;margin-left: auto;margin-right: auto;margin-top:50px;margin-bottom:50px;width:100%;\"><\/div><div class=\"fusion-separator fusion-no-small-visibility fusion-no-medium-visibility fusion-full-width-sep\" style=\"align-self: center;margin-left: auto;margin-right: auto;margin-top:50px;margin-bottom:50px;width:100%;\"><\/div><\/div><\/div><div class=\"fusion-layout-column fusion_builder_column_inner fusion-builder-nested-column-1 fusion-flex-column\" style=\"--awb-bg-size:cover;--awb-width-large:10%;--awb-margin-top-large:0px;--awb-spacing-right-large:19.2%;--awb-margin-bottom-large:20px;--awb-spacing-left-large:19.2%;--awb-width-medium:10%;--awb-order-medium:0;--awb-spacing-right-medium:19.2%;--awb-spacing-left-medium:19.2%;--awb-width-small:100%;--awb-order-small:0;--awb-spacing-right-small:1.92%;--awb-spacing-left-small:1.92%;\" data-scroll-devices=\"small-visibility,medium-visibility,large-visibility\"><div class=\"fusion-column-wrapper fusion-column-has-shadow fusion-flex-justify-content-flex-start fusion-content-layout-column\"><div class=\"fusion-text fusion-text-1 fusion-no-small-visibility text-vertical\"><p>Luxembourg-ville &#8211; 42, route d\u2019Esch<\/p>\n<\/div><div class=\"fusion-text fusion-text-2 fusion-no-medium-visibility fusion-no-large-visibility\"><p>Luxembourg-ville &#8211; 42, route d\u2019Esch<\/p>\n<\/div><\/div><\/div><\/div><\/div><\/div><\/div><\/div><div class=\"fusion-fullwidth fullwidth-box fusion-builder-row-2 fusion-flex-container has-pattern-background has-mask-background nonhundred-percent-fullwidth non-hundred-percent-height-scrolling\" style=\"--awb-border-radius-top-left:0px;--awb-border-radius-top-right:0px;--awb-border-radius-bottom-right:0px;--awb-border-radius-bottom-left:0px;--awb-flex-wrap:wrap;\" ><div class=\"fusion-builder-row fusion-row fusion-flex-align-items-flex-start fusion-flex-content-wrap\" style=\"max-width:1248px;margin-left: calc(-4% \/ 2 );margin-right: calc(-4% \/ 2 );\"><div class=\"fusion-layout-column fusion_builder_column fusion-builder-column-2 fusion_builder_column_2_3 2_3 fusion-flex-column\" style=\"--awb-bg-size:cover;--awb-width-large:66.666666666667%;--awb-margin-top-large:-500px;--awb-spacing-right-large:2.88%;--awb-margin-bottom-large:20px;--awb-spacing-left-large:2.88%;--awb-width-medium:66.666666666667%;--awb-order-medium:0;--awb-margin-top-medium:-350px;--awb-spacing-right-medium:2.88%;--awb-spacing-left-medium:2.88%;--awb-width-small:100%;--awb-order-small:0;--awb-margin-top-small:-350px;--awb-spacing-right-small:1.92%;--awb-spacing-left-small:1.92%;\" data-scroll-devices=\"small-visibility,medium-visibility,large-visibility\"><div class=\"fusion-column-wrapper fusion-column-has-shadow fusion-flex-justify-content-flex-start fusion-content-layout-column\"><div class=\"fusion-title title fusion-title-1 fusion-no-small-visibility fusion-no-medium-visibility fusion-sep-none fusion-title-text fusion-title-size-one\" style=\"--awb-text-color:var(--awb-color2);--awb-margin-bottom:0px;--awb-margin-bottom-small:0px;--awb-margin-bottom-medium:0px;--awb-font-size:48px;\"><h1 class=\"fusion-title-heading title-heading-left fusion-responsive-typography-calculated\" style=\"margin:0;font-size:1em;--fontSize:48;line-height:1;\"><p>D\u00e9couvrez les appartements disponibles<br \/>\n<span style=\"font-size: 138px;\">G\u00eblle Fra<\/span><\/p><\/h1><\/div><div class=\"fusion-title title fusion-title-2 fusion-no-large-visibility fusion-sep-none fusion-title-text fusion-title-size-one\" style=\"--awb-text-color:var(--awb-color2);--awb-margin-bottom:0px;--awb-margin-bottom-small:0px;--awb-margin-bottom-medium:0px;--awb-font-size:38px;\"><h1 class=\"fusion-title-heading title-heading-left fusion-responsive-typography-calculated\" style=\"margin:0;font-size:1em;--fontSize:38;line-height:1;\"><p>D\u00e9couvrez les appartements disponibles<br \/>\n<span style=\"font-size: 78px;\">G\u00eblle Fra<\/span><\/p><\/h1><\/div><\/div><\/div><\/div><\/div><div class=\"fusion-fullwidth fullwidth-box fusion-builder-row-3 fusion-flex-container has-pattern-background has-mask-background nonhundred-percent-fullwidth non-hundred-percent-height-scrolling\" style=\"--awb-border-radius-top-left:0px;--awb-border-radius-top-right:0px;--awb-border-radius-bottom-right:0px;--awb-border-radius-bottom-left:0px;--awb-flex-wrap:wrap;\" ><div class=\"fusion-builder-row fusion-row fusion-flex-align-items-flex-start fusion-flex-content-wrap\" style=\"max-width:1248px;margin-left: calc(-4% \/ 2 );margin-right: calc(-4% \/ 2 );\"><div class=\"fusion-layout-column fusion_builder_column fusion-builder-column-3 fusion_builder_column_1_1 1_1 fusion-flex-column\" style=\"--awb-bg-size:cover;--awb-width-large:100%;--awb-margin-top-large:0px;--awb-spacing-right-large:1.92%;--awb-margin-bottom-large:20px;--awb-spacing-left-large:1.92%;--awb-width-medium:100%;--awb-order-medium:0;--awb-spacing-right-medium:1.92%;--awb-spacing-left-medium:1.92%;--awb-width-small:100%;--awb-order-small:0;--awb-spacing-right-small:1.92%;--awb-spacing-left-small:1.92%;\"><div class=\"fusion-column-wrapper fusion-column-has-shadow fusion-flex-justify-content-flex-start fusion-content-layout-column\"><div class=\"fusion-separator fusion-full-width-sep\" style=\"align-self: center;margin-left: auto;margin-right: auto;margin-top:25px;margin-bottom:25px;width:100%;\"><\/div><div class=\"fusion-separator fusion-no-small-visibility fusion-no-medium-visibility fusion-full-width-sep\" style=\"align-self: center;margin-left: auto;margin-right: auto;margin-top:25px;margin-bottom:25px;width:100%;\"><\/div><\/div><\/div><\/div><\/div><div class=\"fusion-fullwidth fullwidth-box fusion-builder-row-4 fusion-flex-container has-pattern-background has-mask-background nonhundred-percent-fullwidth non-hundred-percent-height-scrolling\" style=\"--awb-border-radius-top-left:0px;--awb-border-radius-top-right:0px;--awb-border-radius-bottom-right:0px;--awb-border-radius-bottom-left:0px;--awb-flex-wrap:wrap;\" ><div class=\"fusion-builder-row fusion-row fusion-flex-align-items-flex-start fusion-flex-content-wrap\" style=\"max-width:1248px;margin-left: calc(-4% \/ 2 );margin-right: calc(-4% \/ 2 );\"><div class=\"fusion-layout-column fusion_builder_column fusion-builder-column-4 fusion_builder_column_1_1 1_1 fusion-flex-column\" style=\"--awb-bg-size:cover;--awb-width-large:100%;--awb-margin-top-large:0px;--awb-spacing-right-large:1.92%;--awb-margin-bottom-large:20px;--awb-spacing-left-large:1.92%;--awb-width-medium:100%;--awb-order-medium:0;--awb-spacing-right-medium:1.92%;--awb-spacing-left-medium:1.92%;--awb-width-small:100%;--awb-order-small:0;--awb-spacing-right-small:1.92%;--awb-spacing-left-small:1.92%;\"><div class=\"fusion-column-wrapper fusion-column-has-shadow fusion-flex-justify-content-flex-start fusion-content-layout-column\"><div class=\"fusion-text fusion-text-3\"><div class=\"estate-wrapper\"><table class=\"estate\" id=\"tbl_estate\"><thead><tr><th style=\"min-width:50px;\" onclick=\"sortTable(0)\">N\u00b0<i class=\"fa-angle-up fas\"><\/i><\/th><th style=\"min-width:120px;\" onclick=\"sortTable(1)\">Chambres<i class=\"fa-angle-up fas\"><\/i><\/th><th style=\"min-width:100px;\"onclick=\"sortTable(2)\">Surface<i class=\"fa-angle-up fas\"><\/i><\/th><th style=\"min-width:100px;\" onclick=\"sortTable(3)\">\u00c9tage<i class=\"fa-angle-up fas\"><\/i><\/th><th style=\"min-width:100px;\" onclick=\"sortTable(4)\">WC<i class=\"fa-angle-up fas\"><\/i><\/th><th style=\"min-width:100px;\" onclick=\"sortTable(5)\">Terrace<i class=\"fa-angle-up fas\"><\/i><\/th><th style=\"min-width:100px;\" onclick=\"sortTable(6)\">Balcon<i class=\"fa-angle-up fas\"><\/i><\/th><th style=\"min-width:140px;\" onclick=\"sortTable(7)\">Prix<i class=\"fa-angle-up fas\"><\/i><\/th><th style=\"min-width:120px;\" onclick=\"sortTable(8)\">Parking(s)<i class=\"fa-angle-up fas\"><\/i><\/th><th style=\"min-width:100px;\" onclick=\"sortTable(9)\">Plan<\/th><th style=\"min-width:100px;\"  onclick=\"sortTable(10)\">Disponible<i class=\"fa-angle-up fas\"><\/i><\/th><\/tr><\/thead><tbody><tr><td data-sort=\"1\">1<\/td><td data-sort=\"1\">1<\/td><td data-sort=\"61\">61,54 m<sup>2<\/sup><\/td><td data-sort=\"1\">1<\/td><td data-sort=\"2\">2<\/td><td data-sort=\"0\"><\/td><td data-sort=\"0\">+-6 m<sup>2<\/sup><\/td><td data-sort=\"0\"><\/td><td data-sort=\"1\">1<\/td><td><\/td><td data-sort=\"0\"><span class=\"available-status not-available\"> <\/span><\/td><\/tr><tr><td data-sort=\"10\">10<\/td><td data-sort=\"2\">2<\/td><td data-sort=\"89\">89,58 m<sup>2<\/sup><\/td><td data-sort=\"6\">6<\/td><td data-sort=\"2\">2<\/td><td data-sort=\"0\"><\/td><td data-sort=\"0\">+-6 m<sup>2<\/sup><\/td><td data-sort=\"0\"><\/td><td data-sort=\"1\">1<\/td><td><\/td><td data-sort=\"0\"><span class=\"available-status not-available\"> <\/span><\/td><\/tr><tr><td data-sort=\"2\">2<\/td><td data-sort=\"1\">1<\/td><td data-sort=\"49\">49,61 m<sup>2<\/sup><\/td><td data-sort=\"1\">1<\/td><td data-sort=\"2\">2<\/td><td data-sort=\"0\"><\/td><td data-sort=\"0\">+-6 m<sup>2<\/sup><\/td><td data-sort=\"0\"><\/td><td data-sort=\"1\">1<\/td><td><\/td><td data-sort=\"0\"><span class=\"available-status not-available\"> <\/span><\/td><\/tr><tr><td data-sort=\"3\">3<\/td><td data-sort=\"1\">1<\/td><td data-sort=\"61\">61,54 m<sup>2<\/sup><\/td><td data-sort=\"2\">2<\/td><td data-sort=\"2\">2<\/td><td data-sort=\"0\"><\/td><td data-sort=\"0\">+-6 m<sup>2<\/sup><\/td><td data-sort=\"0\"><\/td><td data-sort=\"1\">1<\/td><td><\/td><td data-sort=\"0\"><span class=\"available-status not-available\"> <\/span><\/td><\/tr><tr><td data-sort=\"4\">4<\/td><td data-sort=\"1\">1<\/td><td data-sort=\"49\">49,61 m<sup>2<\/sup><\/td><td data-sort=\"2\">2<\/td><td data-sort=\"2\">2<\/td><td data-sort=\"0\"><\/td><td data-sort=\"0\">+-6 m<sup>2<\/sup><\/td><td data-sort=\"0\"><\/td><td data-sort=\"1\">1<\/td><td><\/td><td data-sort=\"0\"><span class=\"available-status not-available\"> <\/span><\/td><\/tr><tr><td data-sort=\"5\">5<\/td><td data-sort=\"1\">1<\/td><td data-sort=\"61\">61,54 m<sup>2<\/sup><\/td><td data-sort=\"3\">3<\/td><td data-sort=\"2\">2<\/td><td data-sort=\"0\"><\/td><td data-sort=\"0\">+-6 m<sup>2<\/sup><\/td><td data-sort=\"0\"><\/td><td data-sort=\"1\">1<\/td><td><\/td><td data-sort=\"0\"><span class=\"available-status not-available\"> <\/span><\/td><\/tr><tr><td data-sort=\"6\">6<\/td><td data-sort=\"1\">1<\/td><td data-sort=\"49\">49,61 m<sup>2<\/sup><\/td><td data-sort=\"3\">3<\/td><td data-sort=\"2\">2<\/td><td data-sort=\"0\"><\/td><td data-sort=\"0\">+-6 m<sup>2<\/sup><\/td><td data-sort=\"0\"><\/td><td data-sort=\"1\">1<\/td><td><\/td><td data-sort=\"0\"><span class=\"available-status not-available\"> <\/span><\/td><\/tr><tr><td data-sort=\"7\">7<\/td><td data-sort=\"1\">1<\/td><td data-sort=\"61\">61,54 m<sup>2<\/sup><\/td><td data-sort=\"4\">4<\/td><td data-sort=\"2\">2<\/td><td data-sort=\"0\"><\/td><td data-sort=\"0\">+-6 m<sup>2<\/sup><\/td><td data-sort=\"0\"><\/td><td data-sort=\"1\">1<\/td><td><\/td><td data-sort=\"0\"><span class=\"available-status not-available\"> <\/span><\/td><\/tr><tr><td data-sort=\"8\">8<\/td><td data-sort=\"1\">1<\/td><td data-sort=\"49\">49,61 m<sup>2<\/sup><\/td><td data-sort=\"4\">4<\/td><td data-sort=\"2\">2<\/td><td data-sort=\"0\"><\/td><td data-sort=\"0\">+-6 m<sup>2<\/sup><\/td><td data-sort=\"0\"><\/td><td data-sort=\"1\">1<\/td><td><\/td><td data-sort=\"0\"><span class=\"available-status not-available\"> <\/span><\/td><\/tr><tr><td data-sort=\"9\">9<\/td><td data-sort=\"3\">3<\/td><td data-sort=\"111\">111,16 m<sup>2<\/sup><\/td><td data-sort=\"5\">5<\/td><td data-sort=\"2\">2<\/td><td data-sort=\"0\">+-6 m<sup>2<\/sup><\/td><td data-sort=\"0\">+-6 m<sup>2<\/sup><\/td><td data-sort=\"0\"><\/td><td data-sort=\"1\">1<\/td><td><\/td><td data-sort=\"0\"><span class=\"available-status not-available\"> <\/span><\/td><\/tr><\/tbody><\/table><\/div>\n<\/div><\/div><\/div><\/div><\/div><div class=\"fusion-fullwidth fullwidth-box fusion-builder-row-5 fusion-flex-container has-pattern-background has-mask-background nonhundred-percent-fullwidth non-hundred-percent-height-scrolling\" style=\"--awb-border-radius-top-left:0px;--awb-border-radius-top-right:0px;--awb-border-radius-bottom-right:0px;--awb-border-radius-bottom-left:0px;--awb-flex-wrap:wrap;\" ><div class=\"fusion-builder-row fusion-row fusion-flex-align-items-flex-start fusion-flex-content-wrap\" style=\"max-width:1248px;margin-left: calc(-4% \/ 2 );margin-right: calc(-4% \/ 2 );\"><div class=\"fusion-layout-column fusion_builder_column fusion-builder-column-5 fusion_builder_column_1_1 1_1 fusion-flex-column\" style=\"--awb-bg-size:cover;--awb-width-large:100%;--awb-margin-top-large:0px;--awb-spacing-right-large:1.92%;--awb-margin-bottom-large:20px;--awb-spacing-left-large:1.92%;--awb-width-medium:100%;--awb-order-medium:0;--awb-spacing-right-medium:1.92%;--awb-spacing-left-medium:1.92%;--awb-width-small:100%;--awb-order-small:0;--awb-spacing-right-small:1.92%;--awb-spacing-left-small:1.92%;\"><div class=\"fusion-column-wrapper fusion-column-has-shadow fusion-flex-justify-content-flex-start fusion-content-layout-column\"><div class=\"fusion-separator fusion-full-width-sep\" style=\"align-self: center;margin-left: auto;margin-right: auto;margin-top:25px;margin-bottom:25px;width:100%;\"><\/div><div class=\"fusion-separator fusion-no-small-visibility fusion-no-medium-visibility fusion-full-width-sep\" style=\"align-self: center;margin-left: auto;margin-right: auto;margin-top:25px;margin-bottom:25px;width:100%;\"><\/div><\/div><\/div><\/div><\/div><\/p>\n","protected":false},"excerpt":{"rendered":"","protected":false},"author":1,"featured_media":0,"parent":0,"menu_order":0,"comment_status":"closed","ping_status":"closed","template":"100-width.php","meta":{"_acf_changed":false,"footnotes":""},"acf":[],"yoast_head":"<!-- This site is optimized with the Yoast SEO plugin v22.5 - https:\/\/yoast.com\/wordpress\/plugins\/seo\/ -->\n<title>Biens - G\u00eblle Fra<\/title>\n<meta name=\"description\" content=\"R\u00e9sidence \u00e0 10 appartements de +\/- 50 m2 \u00e0 +\/-112 m2Un emplacement int\u00e9rieur ainsi qu\u2019une cave privative sont attribu\u00e9s \u00e0 chaque appartement et sont inclus dans le prix.\" \/>\n<meta name=\"robots\" content=\"index, follow, max-snippet:-1, max-image-preview:large, max-video-preview:-1\" \/>\n<link rel=\"canonical\" href=\"https:\/\/www.gelle-fra.lu\/fr\/biens\/\" \/>\n<meta property=\"og:locale\" content=\"fr_FR\" \/>\n<meta property=\"og:type\" content=\"article\" \/>\n<meta property=\"og:title\" content=\"Biens - G\u00eblle Fra\" \/>\n<meta property=\"og:description\" content=\"R\u00e9sidence \u00e0 10 appartements de +\/- 50 m2 \u00e0 +\/-112 m2Un emplacement int\u00e9rieur ainsi qu\u2019une cave privative sont attribu\u00e9s \u00e0 chaque appartement et sont inclus dans le prix.\" \/>\n<meta property=\"og:url\" content=\"https:\/\/www.gelle-fra.lu\/fr\/biens\/\" \/>\n<meta property=\"og:site_name\" content=\"G\u00eblle Fra\" \/>\n<meta property=\"article:modified_time\" content=\"2024-04-22T11:08:33+00:00\" \/>\n<meta property=\"og:image\" content=\"https:\/\/www.gelle-fra.lu\/wp-content\/uploads\/2024\/04\/seo.jpg\" \/>\n\t<meta property=\"og:image:width\" content=\"1512\" \/>\n\t<meta property=\"og:image:height\" content=\"1134\" \/>\n\t<meta property=\"og:image:type\" content=\"image\/jpeg\" \/>\n<meta name=\"twitter:card\" content=\"summary_large_image\" \/>\n<meta name=\"twitter:label1\" content=\"Dur\u00e9e de lecture estim\u00e9e\" \/>\n\t<meta name=\"twitter:data1\" content=\"1 minute\" \/>\n<script type=\"application\/ld+json\" class=\"yoast-schema-graph\">{\"@context\":\"https:\/\/schema.org\",\"@graph\":[{\"@type\":\"WebPage\",\"@id\":\"https:\/\/www.gelle-fra.lu\/fr\/biens\/\",\"url\":\"https:\/\/www.gelle-fra.lu\/fr\/biens\/\",\"name\":\"Biens - G\u00eblle Fra\",\"isPartOf\":{\"@id\":\"https:\/\/www.gelle-fra.lu\/en\/#website\"},\"datePublished\":\"2024-04-15T08:56:46+00:00\",\"dateModified\":\"2024-04-22T11:08:33+00:00\",\"description\":\"R\u00e9sidence \u00e0 10 appartements de +\/- 50 m2 \u00e0 +\/-112 m2Un emplacement int\u00e9rieur ainsi qu\u2019une cave privative sont attribu\u00e9s \u00e0 chaque appartement et sont inclus dans le prix.\",\"breadcrumb\":{\"@id\":\"https:\/\/www.gelle-fra.lu\/fr\/biens\/#breadcrumb\"},\"inLanguage\":\"fr-FR\",\"potentialAction\":[{\"@type\":\"ReadAction\",\"target\":[\"https:\/\/www.gelle-fra.lu\/fr\/biens\/\"]}]},{\"@type\":\"BreadcrumbList\",\"@id\":\"https:\/\/www.gelle-fra.lu\/fr\/biens\/#breadcrumb\",\"itemListElement\":[{\"@type\":\"ListItem\",\"position\":1,\"name\":\"Home\",\"item\":\"https:\/\/www.gelle-fra.lu\/fr\/\"},{\"@type\":\"ListItem\",\"position\":2,\"name\":\"Biens\"}]},{\"@type\":\"WebSite\",\"@id\":\"https:\/\/www.gelle-fra.lu\/en\/#website\",\"url\":\"https:\/\/www.gelle-fra.lu\/en\/\",\"name\":\"G\u00eblle Fra\",\"description\":\"Luxembourg-Ville\",\"publisher\":{\"@id\":\"https:\/\/www.gelle-fra.lu\/en\/#organization\"},\"potentialAction\":[{\"@type\":\"SearchAction\",\"target\":{\"@type\":\"EntryPoint\",\"urlTemplate\":\"https:\/\/www.gelle-fra.lu\/en\/?s={search_term_string}\"},\"query-input\":\"required name=search_term_string\"}],\"inLanguage\":\"fr-FR\"},{\"@type\":\"Organization\",\"@id\":\"https:\/\/www.gelle-fra.lu\/en\/#organization\",\"name\":\"R\u00e9sidence G\u00eblle Fra\",\"url\":\"https:\/\/www.gelle-fra.lu\/en\/\",\"logo\":{\"@type\":\"ImageObject\",\"inLanguage\":\"fr-FR\",\"@id\":\"https:\/\/www.gelle-fra.lu\/en\/#\/schema\/logo\/image\/\",\"url\":\"https:\/\/www.gelle-fra.lu\/wp-content\/uploads\/2024\/04\/cropped-icon.png\",\"contentUrl\":\"https:\/\/www.gelle-fra.lu\/wp-content\/uploads\/2024\/04\/cropped-icon.png\",\"width\":512,\"height\":512,\"caption\":\"R\u00e9sidence G\u00eblle Fra\"},\"image\":{\"@id\":\"https:\/\/www.gelle-fra.lu\/en\/#\/schema\/logo\/image\/\"}}]}<\/script>\n<!-- \/ Yoast SEO plugin. -->","yoast_head_json":{"title":"Biens - G\u00eblle Fra","description":"R\u00e9sidence \u00e0 10 appartements de +\/- 50 m2 \u00e0 +\/-112 m2Un emplacement int\u00e9rieur ainsi qu\u2019une cave privative sont attribu\u00e9s \u00e0 chaque appartement et sont inclus dans le prix.","robots":{"index":"index","follow":"follow","max-snippet":"max-snippet:-1","max-image-preview":"max-image-preview:large","max-video-preview":"max-video-preview:-1"},"canonical":"https:\/\/www.gelle-fra.lu\/fr\/biens\/","og_locale":"fr_FR","og_type":"article","og_title":"Biens - G\u00eblle Fra","og_description":"R\u00e9sidence \u00e0 10 appartements de +\/- 50 m2 \u00e0 +\/-112 m2Un emplacement int\u00e9rieur ainsi qu\u2019une cave privative sont attribu\u00e9s \u00e0 chaque appartement et sont inclus dans le prix.","og_url":"https:\/\/www.gelle-fra.lu\/fr\/biens\/","og_site_name":"G\u00eblle Fra","article_modified_time":"2024-04-22T11:08:33+00:00","og_image":[{"width":1512,"height":1134,"url":"https:\/\/www.gelle-fra.lu\/wp-content\/uploads\/2024\/04\/seo.jpg","type":"image\/jpeg"}],"twitter_card":"summary_large_image","twitter_misc":{"Dur\u00e9e de lecture estim\u00e9e":"1 minute"},"schema":{"@context":"https:\/\/schema.org","@graph":[{"@type":"WebPage","@id":"https:\/\/www.gelle-fra.lu\/fr\/biens\/","url":"https:\/\/www.gelle-fra.lu\/fr\/biens\/","name":"Biens - G\u00eblle Fra","isPartOf":{"@id":"https:\/\/www.gelle-fra.lu\/en\/#website"},"datePublished":"2024-04-15T08:56:46+00:00","dateModified":"2024-04-22T11:08:33+00:00","description":"R\u00e9sidence \u00e0 10 appartements de +\/- 50 m2 \u00e0 +\/-112 m2Un emplacement int\u00e9rieur ainsi qu\u2019une cave privative sont attribu\u00e9s \u00e0 chaque appartement et sont inclus dans le prix.","breadcrumb":{"@id":"https:\/\/www.gelle-fra.lu\/fr\/biens\/#breadcrumb"},"inLanguage":"fr-FR","potentialAction":[{"@type":"ReadAction","target":["https:\/\/www.gelle-fra.lu\/fr\/biens\/"]}]},{"@type":"BreadcrumbList","@id":"https:\/\/www.gelle-fra.lu\/fr\/biens\/#breadcrumb","itemListElement":[{"@type":"ListItem","position":1,"name":"Home","item":"https:\/\/www.gelle-fra.lu\/fr\/"},{"@type":"ListItem","position":2,"name":"Biens"}]},{"@type":"WebSite","@id":"https:\/\/www.gelle-fra.lu\/en\/#website","url":"https:\/\/www.gelle-fra.lu\/en\/","name":"G\u00eblle Fra","description":"Luxembourg-Ville","publisher":{"@id":"https:\/\/www.gelle-fra.lu\/en\/#organization"},"potentialAction":[{"@type":"SearchAction","target":{"@type":"EntryPoint","urlTemplate":"https:\/\/www.gelle-fra.lu\/en\/?s={search_term_string}"},"query-input":"required name=search_term_string"}],"inLanguage":"fr-FR"},{"@type":"Organization","@id":"https:\/\/www.gelle-fra.lu\/en\/#organization","name":"R\u00e9sidence G\u00eblle Fra","url":"https:\/\/www.gelle-fra.lu\/en\/","logo":{"@type":"ImageObject","inLanguage":"fr-FR","@id":"https:\/\/www.gelle-fra.lu\/en\/#\/schema\/logo\/image\/","url":"https:\/\/www.gelle-fra.lu\/wp-content\/uploads\/2024\/04\/cropped-icon.png","contentUrl":"https:\/\/www.gelle-fra.lu\/wp-content\/uploads\/2024\/04\/cropped-icon.png","width":512,"height":512,"caption":"R\u00e9sidence G\u00eblle Fra"},"image":{"@id":"https:\/\/www.gelle-fra.lu\/en\/#\/schema\/logo\/image\/"}}]}},"jetpack_sharing_enabled":true,"_links":{"self":[{"href":"https:\/\/www.gelle-fra.lu\/fr\/wp-json\/wp\/v2\/pages\/432"}],"collection":[{"href":"https:\/\/www.gelle-fra.lu\/fr\/wp-json\/wp\/v2\/pages"}],"about":[{"href":"https:\/\/www.gelle-fra.lu\/fr\/wp-json\/wp\/v2\/types\/page"}],"author":[{"embeddable":true,"href":"https:\/\/www.gelle-fra.lu\/fr\/wp-json\/wp\/v2\/users\/1"}],"replies":[{"embeddable":true,"href":"https:\/\/www.gelle-fra.lu\/fr\/wp-json\/wp\/v2\/comments?post=432"}],"version-history":[{"count":3,"href":"https:\/\/www.gelle-fra.lu\/fr\/wp-json\/wp\/v2\/pages\/432\/revisions"}],"predecessor-version":[{"id":548,"href":"https:\/\/www.gelle-fra.lu\/fr\/wp-json\/wp\/v2\/pages\/432\/revisions\/548"}],"wp:attachment":[{"href":"https:\/\/www.gelle-fra.lu\/fr\/wp-json\/wp\/v2\/media?parent=432"}],"curies":[{"name":"wp","href":"https:\/\/api.w.org\/{rel}","templated":true}]}}